{"id":55305,"date":"2025-03-16T15:37:16","date_gmt":"2025-03-16T14:37:16","guid":{"rendered":"https:\/\/mostrafire.com\/firelab-talents\/listado\/"},"modified":"2025-05-05T18:01:50","modified_gmt":"2025-05-05T16:01:50","slug":"listado","status":"publish","type":"page","link":"https:\/\/mostrafire.com\/es\/firelab-talents\/listado\/","title":{"rendered":"FIRE Lab Talents \u258cLISTADO"},"content":{"rendered":"<div class=\"fusion-fullwidth fullwidth-box fusion-builder-row-1 fusion-flex-container has-pattern-background has-mask-background nonhundred-percent-fullwidth non-hundred-percent-height-scrolling\" style=\"--link_color: var(--awb-color3);--awb-border-radius-top-left:0px;--awb-border-radius-top-right:0px;--awb-border-radius-bottom-right:0px;--awb-border-radius-bottom-left:0px;--awb-flex-wrap:wrap;\" ><div class=\"fusion-builder-row fusion-row fusion-flex-align-items-flex-start fusion-flex-justify-content-center fusion-flex-content-wrap\" style=\"max-width:1248px;margin-left: calc(-4% \/ 2 );margin-right: calc(-4% \/ 2 );\"><div class=\"fusion-layout-column fusion_builder_column fusion-builder-column-0 fusion_builder_column_1_1 1_1 fusion-flex-column\" style=\"--awb-bg-size:cover;--awb-width-large:100%;--awb-margin-top-large:0px;--awb-spacing-right-large:1.92%;--awb-margin-bottom-large:20px;--awb-spacing-left-large:1.92%;--awb-width-medium:100%;--awb-order-medium:0;--awb-spacing-right-medium:1.92%;--awb-spacing-left-medium:1.92%;--awb-width-small:100%;--awb-order-small:0;--awb-spacing-right-small:1.92%;--awb-spacing-left-small:1.92%;\"><div class=\"fusion-column-wrapper fusion-column-has-shadow fusion-flex-justify-content-flex-start fusion-content-layout-column\"><div class=\"fusion-title title fusion-title-1 fusion-sep-none fusion-title-center fusion-title-text fusion-title-size-one\" style=\"--awb-text-color:var(--awb-custom18);--awb-margin-top-small:10px;--awb-margin-right-small:0px;--awb-margin-bottom-small:10px;--awb-margin-left-small:0px;\"><h1 class=\"fusion-title-heading title-heading-center fusion-responsive-typography-calculated\" style=\"margin:0;--fontSize:54;line-height:1;\">Listado<\/h1><\/div><\/div><\/div><div class=\"fusion-layout-column fusion_builder_column fusion-builder-column-1 fusion_builder_column_1_3 1_3 fusion-flex-column\" style=\"--awb-bg-size:cover;--awb-width-large:33.333333333333%;--awb-margin-top-large:0px;--awb-spacing-right-large:5.76%;--awb-margin-bottom-large:20px;--awb-spacing-left-large:5.76%;--awb-width-medium:100%;--awb-order-medium:0;--awb-spacing-right-medium:1.92%;--awb-spacing-left-medium:1.92%;--awb-width-small:100%;--awb-order-small:0;--awb-spacing-right-small:1.92%;--awb-spacing-left-small:1.92%;\"><div class=\"fusion-column-wrapper fusion-column-has-shadow fusion-flex-justify-content-flex-start fusion-content-layout-column\"><div class=\"fusion-text fusion-text-1\" style=\"--awb-content-alignment:center;--awb-text-color:var(--awb-color1);\"><h3 class=\"\" style=\"--fontsize: 30; line-height: 1.3;\" data-fontsize=\"30\" data-lineheight=\"39px\"><strong>A<br \/>\n<\/strong><\/h3>\n<p><a href=\"https:\/\/mostrafire.com\/es\/firelabtalents\/aida-gren\/\">Aida Gren<br \/>\n<\/a><a href=\"https:\/\/mostrafire.com\/es\/firelabtalents\/alba-gomez-marquez\/\">Alba G\u00f3mez M\u00e1rquez<\/a><br \/>\n<a href=\"https:\/\/mostrafire.com\/es\/firelabtalents\/anna-moragriega-farres\/\">Anna Moragriega Farr\u00e9s<\/a><\/p>\n<h3 class=\"\" style=\"--fontsize: 30; line-height: 1.3;\" data-fontsize=\"30\" data-lineheight=\"39px\"><strong>B<br \/>\n<\/strong><\/h3>\n<p><a href=\"https:\/\/mostrafire.com\/es\/firelabtalents\/barbara-fernandez-perez\/\">B\u00e1rbara Fern\u00e1ndez P\u00e9rez<\/a><\/p>\n<h3 class=\"\" style=\"--fontsize: 30; line-height: 1.3;\" data-fontsize=\"30\" data-lineheight=\"39px\"><strong>C<br \/>\n<\/strong><\/h3>\n<p><a href=\"https:\/\/mostrafire.com\/es\/firelabtalents\/camila-montaldo\/\">Camila Montaldo<\/a><br \/>\n<a href=\"https:\/\/mostrafire.com\/es\/firelabtalents\/cintia-ballbe\/\">Cintia Ballb\u00e9<\/a><br \/>\n<a href=\"https:\/\/mostrafire.com\/es\/firelabtalents\/claudia-clot\/\">Claudia Clot<\/a><br \/>\n<a href=\"https:\/\/mostrafire.com\/es\/firelabtalents\/claudia-ortega\/\">Claudia Ortega<\/a><\/p>\n<h3><strong>D<\/strong><\/h3>\n<p><a href=\"https:\/\/mostrafire.com\/es\/firelabtalents\/daniel-alegrete\/\">Daniel Alegrete<\/a><br \/>\n<a href=\"https:\/\/mostrafire.com\/es\/firelabtalents\/daniel-sanchez-lopez\/\">Daniel S\u00e1nchez L\u00f3pez<\/a><br \/>\n<a href=\"https:\/\/mostrafire.com\/es\/firelabtalents\/dave-jackson\/\">Dave Jackson<\/a><\/p>\n<h3><strong>E<\/strong><\/h3>\n<p><a href=\"https:\/\/mostrafire.com\/es\/firelabtalents\/erik-rodriguez-fernandez\/\">Erik Rodr\u00edguez Fern\u00e1ndez<\/a><br \/>\n<a href=\"https:\/\/mostrafire.com\/es\/firelabtalents\/eva-bodas\/\">Eva Bodas<\/a><\/p>\n<\/div><\/div><\/div><div class=\"fusion-layout-column fusion_builder_column fusion-builder-column-2 fusion_builder_column_1_3 1_3 fusion-flex-column\" style=\"--awb-bg-size:cover;--awb-width-large:33.333333333333%;--awb-margin-top-large:0px;--awb-spacing-right-large:5.76%;--awb-margin-bottom-large:20px;--awb-spacing-left-large:5.76%;--awb-width-medium:100%;--awb-order-medium:0;--awb-spacing-right-medium:1.92%;--awb-spacing-left-medium:1.92%;--awb-width-small:100%;--awb-order-small:0;--awb-spacing-right-small:1.92%;--awb-spacing-left-small:1.92%;\"><div class=\"fusion-column-wrapper fusion-column-has-shadow fusion-flex-justify-content-flex-start fusion-content-layout-column\"><div class=\"fusion-text fusion-text-2\" style=\"--awb-content-alignment:center;--awb-text-color:var(--awb-color1);\"><h3><strong>G<\/strong><\/h3>\n<p><a href=\"https:\/\/mostrafire.com\/es\/firelabtalents\/gema-arquero\/\">Gema Arquero<\/a><br \/>\n<a href=\"https:\/\/mostrafire.com\/es\/firelabtalents\/gema-del-castillo\/\">Gema del Castillo<\/a><br \/>\n<a href=\"https:\/\/mostrafire.com\/es\/firelabtalents\/goyo-arias\/\">Goyo Arias<\/a><\/p>\n<h3><strong>I<\/strong><\/h3>\n<p><a href=\"https:\/\/mostrafire.com\/es\/firelabtalents\/ivan-martin-ruedas\/\">Iv\u00e1n Mart\u00edn Ruedas<\/a><\/p>\n<h3><strong>J<\/strong><\/h3>\n<p><a href=\"https:\/\/mostrafire.com\/es\/firelabtalents\/jd-alcazar\/\">JD Alc\u00e1zar<\/a><br \/>\n<a href=\"https:\/\/mostrafire.com\/es\/firelabtalents\/jd-a\/\">Jorge Trujillo<\/a><br \/>\n<a href=\"https:\/\/mostrafire.com\/es\/firelabtalents\/julia-oller\/\">J\u00falia Oller<\/p>\n<p><\/a><\/p>\n<h3><strong>M<\/strong><\/h3>\n<p><a href=\"https:\/\/mostrafire.com\/es\/firelabtalents\/maria-alburquerque-gabardos\/\">Maria Alburquerque Gabard\u00f3s<\/a><br \/>\n<a href=\"https:\/\/mostrafire.com\/es\/firelabtalents\/mariona-marti-hervas\/\">Mariona Mart\u00ed Hervas<\/a><br \/>\n<a href=\"https:\/\/mostrafire.com\/es\/firelabtalents\/marta-ros\/\">Marta Ros<\/a><\/p>\n<h3><strong>N<\/strong><\/h3>\n<p><a href=\"https:\/\/mostrafire.com\/es\/firelabtalents\/naomi-llado\/\">Naomi Llad\u00f3<\/a><br \/>\n<a href=\"https:\/\/mostrafire.com\/es\/firelabtalents\/nerea-guitart\/\">Nerea Guitart<\/a><br \/>\n<a href=\"https:\/\/mostrafire.com\/es\/firelabtalents\/nicolas-tabilo-s\/\">Nicol\u00e1s Tabilo S.<\/a><\/p>\n<\/div><\/div><\/div><div class=\"fusion-layout-column fusion_builder_column fusion-builder-column-3 fusion_builder_column_1_3 1_3 fusion-flex-column\" style=\"--awb-bg-size:cover;--awb-width-large:33.333333333333%;--awb-margin-top-large:0px;--awb-spacing-right-large:5.76%;--awb-margin-bottom-large:20px;--awb-spacing-left-large:5.76%;--awb-width-medium:100%;--awb-order-medium:0;--awb-spacing-right-medium:1.92%;--awb-spacing-left-medium:1.92%;--awb-width-small:100%;--awb-order-small:0;--awb-spacing-right-small:1.92%;--awb-spacing-left-small:1.92%;\"><div class=\"fusion-column-wrapper fusion-column-has-shadow fusion-flex-justify-content-flex-start fusion-content-layout-column\"><div class=\"fusion-text fusion-text-3\" style=\"--awb-content-alignment:center;--awb-text-color:var(--awb-color1);\"><h3><strong>O<\/strong><\/h3>\n<p><a href=\"https:\/\/mostrafire.com\/es\/firelabtalents\/olga-doganoc\/\">Olga Doganoc<\/a><\/p>\n<h3><strong>S<\/strong><\/h3>\n<p><a href=\"https:\/\/mostrafire.com\/es\/firelabtalents\/santiago-skiappa\/\">Santiago Skiappa<\/a><br \/>\n<a href=\"https:\/\/mostrafire.com\/es\/firelabtalents\/sara-bamba\/\">Sara Bamba<\/a><br \/>\n<a href=\"https:\/\/mostrafire.com\/es\/firelabtalents\/sergio-granda\/\">Sergio Granda<\/a><br \/>\n<a href=\"https:\/\/mostrafire.com\/es\/firelabtalents\/silvia-espin\/\">Silvia Esp\u00edn<\/a><\/p>\n<h3><strong>Z<\/strong><\/h3>\n<p><a href=\"https:\/\/mostrafire.com\/es\/firelabtalents\/zaida-carmona\/\">Zaida Carmona<\/a><\/p>\n<\/div><\/div><\/div><\/div><\/div>\n","protected":false},"excerpt":{"rendered":"","protected":false},"author":1,"featured_media":0,"parent":55299,"menu_order":0,"comment_status":"closed","ping_status":"closed","template":"","meta":{"footnotes":""},"class_list":["post-55305","page","type-page","status-publish","format-standard","hentry"],"yoast_head":"<!-- This site is optimized with the Yoast SEO plugin v27.4 - https:\/\/yoast.com\/product\/yoast-seo-wordpress\/ -->\n<title>FIRE Lab Talents \u258cLISTADO | Mostra FIRE!!<\/title>\n<meta name=\"robots\" content=\"index, follow, max-snippet:-1, max-image-preview:large, max-video-preview:-1\" \/>\n<link rel=\"canonical\" href=\"https:\/\/mostrafire.com\/es\/firelab-talents\/listado\/\" \/>\n<meta property=\"og:locale\" content=\"es_ES\" \/>\n<meta property=\"og:type\" content=\"article\" \/>\n<meta property=\"og:title\" content=\"FIRE Lab Talents \u258cLISTADO | Mostra FIRE!!\" \/>\n<meta property=\"og:url\" content=\"https:\/\/mostrafire.com\/es\/firelab-talents\/listado\/\" \/>\n<meta property=\"og:site_name\" content=\"Mostra FIRE!!\" \/>\n<meta property=\"article:publisher\" content=\"https:\/\/www.facebook.com\/MostraFire\" \/>\n<meta property=\"article:modified_time\" content=\"2025-05-05T16:01:50+00:00\" \/>\n<meta property=\"og:image\" content=\"https:\/\/mostrafire.com\/wp-content\/uploads\/2025\/05\/FIRE-2025-carnet-jove_X_twitter.jpg\" \/>\n\t<meta property=\"og:image:width\" content=\"1024\" \/>\n\t<meta property=\"og:image:height\" content=\"512\" \/>\n\t<meta property=\"og:image:type\" content=\"image\/jpeg\" \/>\n<meta name=\"twitter:card\" content=\"summary_large_image\" \/>\n<meta name=\"twitter:site\" content=\"@mostraFire\" \/>\n<meta name=\"twitter:label1\" content=\"Tiempo de lectura\" \/>\n\t<meta name=\"twitter:data1\" content=\"8 minutos\" \/>\n<script type=\"application\/ld+json\" class=\"yoast-schema-graph\">{\"@context\":\"https:\\\/\\\/schema.org\",\"@graph\":[{\"@type\":\"WebPage\",\"@id\":\"https:\\\/\\\/mostrafire.com\\\/es\\\/firelab-talents\\\/listado\\\/\",\"url\":\"https:\\\/\\\/mostrafire.com\\\/es\\\/firelab-talents\\\/listado\\\/\",\"name\":\"FIRE Lab Talents \u258cLISTADO | Mostra FIRE!!\",\"isPartOf\":{\"@id\":\"https:\\\/\\\/mostrafire.com\\\/es\\\/#website\"},\"datePublished\":\"2025-03-16T14:37:16+00:00\",\"dateModified\":\"2025-05-05T16:01:50+00:00\",\"breadcrumb\":{\"@id\":\"https:\\\/\\\/mostrafire.com\\\/es\\\/firelab-talents\\\/listado\\\/#breadcrumb\"},\"inLanguage\":\"es\",\"potentialAction\":[{\"@type\":\"ReadAction\",\"target\":[\"https:\\\/\\\/mostrafire.com\\\/es\\\/firelab-talents\\\/listado\\\/\"]}]},{\"@type\":\"BreadcrumbList\",\"@id\":\"https:\\\/\\\/mostrafire.com\\\/es\\\/firelab-talents\\\/listado\\\/#breadcrumb\",\"itemListElement\":[{\"@type\":\"ListItem\",\"position\":1,\"name\":\"Portada\",\"item\":\"https:\\\/\\\/mostrafire.com\\\/es\\\/\"},{\"@type\":\"ListItem\",\"position\":2,\"name\":\"FIRE Lab Talents\",\"item\":\"https:\\\/\\\/mostrafire.com\\\/es\\\/firelab-talents\\\/\"},{\"@type\":\"ListItem\",\"position\":3,\"name\":\"FIRE Lab Talents \u258cLISTADO\"}]},{\"@type\":\"WebSite\",\"@id\":\"https:\\\/\\\/mostrafire.com\\\/es\\\/#website\",\"url\":\"https:\\\/\\\/mostrafire.com\\\/es\\\/\",\"name\":\"Mostra FIRE!!\",\"description\":\"Muestra Internacional de Cine Gay y L\u00e9sbico de Barcelona\",\"publisher\":{\"@id\":\"https:\\\/\\\/mostrafire.com\\\/es\\\/#organization\"},\"alternateName\":\"Mostra de Cinema LGTBI de Barcelona\",\"potentialAction\":[{\"@type\":\"SearchAction\",\"target\":{\"@type\":\"EntryPoint\",\"urlTemplate\":\"https:\\\/\\\/mostrafire.com\\\/es\\\/?s={search_term_string}\"},\"query-input\":{\"@type\":\"PropertyValueSpecification\",\"valueRequired\":true,\"valueName\":\"search_term_string\"}}],\"inLanguage\":\"es\"},{\"@type\":\"Organization\",\"@id\":\"https:\\\/\\\/mostrafire.com\\\/es\\\/#organization\",\"name\":\"Mostra FIRE!! Edici\u00f3 2021\",\"url\":\"https:\\\/\\\/mostrafire.com\\\/es\\\/\",\"logo\":{\"@type\":\"ImageObject\",\"inLanguage\":\"es\",\"@id\":\"https:\\\/\\\/mostrafire.com\\\/es\\\/#\\\/schema\\\/logo\\\/image\\\/\",\"url\":\"https:\\\/\\\/mostrafire.com\\\/wp-content\\\/uploads\\\/2020\\\/07\\\/Logo_landing.jpg\",\"contentUrl\":\"https:\\\/\\\/mostrafire.com\\\/wp-content\\\/uploads\\\/2020\\\/07\\\/Logo_landing.jpg\",\"width\":884,\"height\":312,\"caption\":\"Mostra FIRE!! Edici\u00f3 2021\"},\"image\":{\"@id\":\"https:\\\/\\\/mostrafire.com\\\/es\\\/#\\\/schema\\\/logo\\\/image\\\/\"},\"sameAs\":[\"https:\\\/\\\/www.facebook.com\\\/MostraFire\",\"https:\\\/\\\/x.com\\\/mostraFire\",\"https:\\\/\\\/www.instagram.com\\\/Mostrafire\\\/\",\"https:\\\/\\\/www.youtube.com\\\/user\\\/firemostra\\\/\"]}]}<\/script>\n<!-- \/ Yoast SEO plugin. -->","yoast_head_json":{"title":"FIRE Lab Talents \u258cLISTADO | Mostra FIRE!!","robots":{"index":"index","follow":"follow","max-snippet":"max-snippet:-1","max-image-preview":"max-image-preview:large","max-video-preview":"max-video-preview:-1"},"canonical":"https:\/\/mostrafire.com\/es\/firelab-talents\/listado\/","og_locale":"es_ES","og_type":"article","og_title":"FIRE Lab Talents \u258cLISTADO | Mostra FIRE!!","og_url":"https:\/\/mostrafire.com\/es\/firelab-talents\/listado\/","og_site_name":"Mostra FIRE!!","article_publisher":"https:\/\/www.facebook.com\/MostraFire","article_modified_time":"2025-05-05T16:01:50+00:00","og_image":[{"width":1024,"height":512,"url":"https:\/\/mostrafire.com\/wp-content\/uploads\/2025\/05\/FIRE-2025-carnet-jove_X_twitter.jpg","type":"image\/jpeg"}],"twitter_card":"summary_large_image","twitter_site":"@mostraFire","twitter_misc":{"Tiempo de lectura":"8 minutos"},"schema":{"@context":"https:\/\/schema.org","@graph":[{"@type":"WebPage","@id":"https:\/\/mostrafire.com\/es\/firelab-talents\/listado\/","url":"https:\/\/mostrafire.com\/es\/firelab-talents\/listado\/","name":"FIRE Lab Talents \u258cLISTADO | Mostra FIRE!!","isPartOf":{"@id":"https:\/\/mostrafire.com\/es\/#website"},"datePublished":"2025-03-16T14:37:16+00:00","dateModified":"2025-05-05T16:01:50+00:00","breadcrumb":{"@id":"https:\/\/mostrafire.com\/es\/firelab-talents\/listado\/#breadcrumb"},"inLanguage":"es","potentialAction":[{"@type":"ReadAction","target":["https:\/\/mostrafire.com\/es\/firelab-talents\/listado\/"]}]},{"@type":"BreadcrumbList","@id":"https:\/\/mostrafire.com\/es\/firelab-talents\/listado\/#breadcrumb","itemListElement":[{"@type":"ListItem","position":1,"name":"Portada","item":"https:\/\/mostrafire.com\/es\/"},{"@type":"ListItem","position":2,"name":"FIRE Lab Talents","item":"https:\/\/mostrafire.com\/es\/firelab-talents\/"},{"@type":"ListItem","position":3,"name":"FIRE Lab Talents \u258cLISTADO"}]},{"@type":"WebSite","@id":"https:\/\/mostrafire.com\/es\/#website","url":"https:\/\/mostrafire.com\/es\/","name":"Mostra FIRE!!","description":"Muestra Internacional de Cine Gay y L\u00e9sbico de Barcelona","publisher":{"@id":"https:\/\/mostrafire.com\/es\/#organization"},"alternateName":"Mostra de Cinema LGTBI de Barcelona","potentialAction":[{"@type":"SearchAction","target":{"@type":"EntryPoint","urlTemplate":"https:\/\/mostrafire.com\/es\/?s={search_term_string}"},"query-input":{"@type":"PropertyValueSpecification","valueRequired":true,"valueName":"search_term_string"}}],"inLanguage":"es"},{"@type":"Organization","@id":"https:\/\/mostrafire.com\/es\/#organization","name":"Mostra FIRE!! Edici\u00f3 2021","url":"https:\/\/mostrafire.com\/es\/","logo":{"@type":"ImageObject","inLanguage":"es","@id":"https:\/\/mostrafire.com\/es\/#\/schema\/logo\/image\/","url":"https:\/\/mostrafire.com\/wp-content\/uploads\/2020\/07\/Logo_landing.jpg","contentUrl":"https:\/\/mostrafire.com\/wp-content\/uploads\/2020\/07\/Logo_landing.jpg","width":884,"height":312,"caption":"Mostra FIRE!! Edici\u00f3 2021"},"image":{"@id":"https:\/\/mostrafire.com\/es\/#\/schema\/logo\/image\/"},"sameAs":["https:\/\/www.facebook.com\/MostraFire","https:\/\/x.com\/mostraFire","https:\/\/www.instagram.com\/Mostrafire\/","https:\/\/www.youtube.com\/user\/firemostra\/"]}]}},"_links":{"self":[{"href":"https:\/\/mostrafire.com\/es\/wp-json\/wp\/v2\/pages\/55305","targetHints":{"allow":["GET"]}}],"collection":[{"href":"https:\/\/mostrafire.com\/es\/wp-json\/wp\/v2\/pages"}],"about":[{"href":"https:\/\/mostrafire.com\/es\/wp-json\/wp\/v2\/types\/page"}],"author":[{"embeddable":true,"href":"https:\/\/mostrafire.com\/es\/wp-json\/wp\/v2\/users\/1"}],"replies":[{"embeddable":true,"href":"https:\/\/mostrafire.com\/es\/wp-json\/wp\/v2\/comments?post=55305"}],"version-history":[{"count":0,"href":"https:\/\/mostrafire.com\/es\/wp-json\/wp\/v2\/pages\/55305\/revisions"}],"up":[{"embeddable":true,"href":"https:\/\/mostrafire.com\/es\/wp-json\/wp\/v2\/pages\/55299"}],"wp:attachment":[{"href":"https:\/\/mostrafire.com\/es\/wp-json\/wp\/v2\/media?parent=55305"}],"curies":[{"name":"wp","href":"https:\/\/api.w.org\/{rel}","templated":true}]}}