{"id":40060,"date":"2025-04-26T22:53:59","date_gmt":"2025-04-26T20:53:59","guid":{"rendered":"https:\/\/mostrafire.com\/secciones\/programa-educativo\/"},"modified":"2026-05-01T17:34:26","modified_gmt":"2026-05-01T15:34:26","slug":"programa-educativo","status":"publish","type":"page","link":"https:\/\/mostrafire.com\/es\/programa-educativo\/","title":{"rendered":"Programa Educativo"},"content":{"rendered":"<div class=\"fusion-fullwidth fullwidth-box fusion-builder-row-1 fusion-flex-container nonhundred-percent-fullwidth non-hundred-percent-height-scrolling secciones-container\" style=\"--awb-border-radius-top-left:0px;--awb-border-radius-top-right:0px;--awb-border-radius-bottom-right:0px;--awb-border-radius-bottom-left:0px;--awb-padding-bottom:0px;--awb-margin-top:5%;--awb-margin-bottom:25px;--awb-margin-bottom-small:30px;--awb-flex-wrap:wrap;\" ><div class=\"fusion-builder-row fusion-row fusion-flex-align-items-flex-start fusion-flex-content-wrap\" style=\"max-width:1248px;margin-left: calc(-4% \/ 2 );margin-right: calc(-4% \/ 2 );\"><div class=\"fusion-layout-column fusion_builder_column fusion-builder-column-0 fusion_builder_column_2_3 2_3 fusion-flex-column secciones-columna2-3-texto-pelis\" style=\"--awb-padding-top:3%;--awb-padding-right:4%;--awb-padding-right-small:0px;--awb-bg-size:cover;--awb-width-large:66.666666666667%;--awb-margin-top-large:0px;--awb-spacing-right-large:2.88%;--awb-margin-bottom-large:20px;--awb-spacing-left-large:2.88%;--awb-width-medium:68.1%;--awb-order-medium:0;--awb-spacing-right-medium:2.8193832599119%;--awb-spacing-left-medium:2.8193832599119%;--awb-width-small:100%;--awb-order-small:0;--awb-spacing-right-small:1.92%;--awb-spacing-left-small:1.92%;\"><div class=\"fusion-column-wrapper fusion-column-has-shadow fusion-flex-justify-content-flex-start fusion-content-layout-column\"><div class=\"fusion-text fusion-text-1 secciones-texto-intro\" style=\"--awb-content-alignment:left;\"><p>Proponemos un <strong>Programa Educativo con sesiones escolares<\/strong>, para grupos de <strong>ESO y de Bachillerato y su profesorado<\/strong>. Se proyecta una selecci\u00f3n de piezas audiovisuales con una dinamizaci\u00f3n posterior para tratar la diversidad y la orientaci\u00f3n afectivo-sexual, la identidad de g\u00e9nero y la lucha contra la homofobia, en el p\u00fablico m\u00e1s joven. <\/p>\n<p><strong>Atenci\u00f3n<\/strong>: el programa educativo <strong>se realiza con varias sesiones a lo largo de todo el a\u00f1o, en el Instituto Franc\u00e9s.<\/strong><\/p>\n<p><strong>Para informarse de las pr\u00f3ximas sesiones e inscribirse, los institutos deben llamar <a href=\"https:\/\/lambda.cat\" target=\"_blank\" rel=\"noopener\"><strong>Casal Lambda<\/strong><\/a> (933 195 550) o escribir a <a href=\"mailto:atencio@lambda.cat\" target=\"_blank\" rel=\"noopener\">atencio@lambda.cat<\/a>.<\/strong><\/p>\n<\/div><\/div><\/div><div class=\"fusion-layout-column fusion_builder_column fusion-builder-column-1 awb-sticky awb-sticky-small awb-sticky-medium awb-sticky-large fusion_builder_column_1_3 1_3 fusion-flex-column fusion-flex-align-self-flex-start fusion-no-small-visibility\" style=\"--awb-padding-right-medium:0px;--awb-bg-size:cover;--awb-width-large:33.333333333333%;--awb-margin-top-large:0px;--awb-spacing-right-large:5.76%;--awb-margin-bottom-large:0px;--awb-spacing-left-large:5.76%;--awb-width-medium:30.95%;--awb-order-medium:1;--awb-spacing-right-medium:0%;--awb-spacing-left-medium:0%;--awb-width-small:100%;--awb-order-small:0;--awb-spacing-right-small:1.92%;--awb-spacing-left-small:1.92%;\" id=\"menu-mes-seccions\" data-scroll-devices=\"small-visibility,medium-visibility,large-visibility\"><div class=\"fusion-column-wrapper fusion-column-has-shadow fusion-flex-justify-content-flex-start fusion-content-layout-column\"><div class=\"fusion-title title fusion-title-1 fusion-sep-none fusion-title-text fusion-title-size-three\" style=\"--awb-margin-bottom:20px;--awb-margin-top-small:10px;--awb-margin-right-small:0px;--awb-margin-bottom-small:10px;--awb-margin-left-small:0px;\"><h3 class=\"fusion-title-heading title-heading-left fusion-responsive-typography-calculated\" style=\"margin:0;--fontSize:30;--minFontSize:30;line-height:1.3;\">M\u00e1s secciones<\/h3><\/div><div class=\"fusion-separator\" style=\"align-self: flex-start;margin-right:auto;margin-bottom:8%;width:100%;max-width:185px;\"><div class=\"fusion-separator-border sep-single\" style=\"--awb-height:20px;--awb-amount:20px;border-color:#75ffcc;border-top-width:4px;\"><\/div><\/div><div style=\"text-align:left;\"><a class=\"fusion-button button-flat fusion-button-default-size button-custom fusion-button-default button-1 fusion-button-default-span fusion-button-default-type fusion-has-button-gradient secciones-menu-but-2021\" style=\"--awb-margin-left:0px;--button_accent_color:#33a8f0;--button_border_color:#33a8f0;--button_accent_hover_color:#81c5ef;--button_border_hover_color:#81c5ef;--button_gradient_top_color:rgba(255,255,255,0);--button_gradient_bottom_color:rgba(109,55,196,0);--button_gradient_top_color_hover:#ffffff;--button_gradient_bottom_color_hover:#ffffff;\" target=\"_self\" href=\"https:\/\/mostrafire.com\/es\/pellicula-inaugural-clausura\/\"><span class=\"fusion-button-text awb-button__text awb-button__text--default\">Pel\u00edcula inaugural \/ Clausura<\/span><\/a><\/div><div style=\"text-align:left;\"><a class=\"fusion-button button-flat fusion-button-default-size button-custom fusion-button-default button-2 fusion-button-default-span fusion-button-default-type secciones-menu-but-2021\" style=\"--awb-margin-left:0px;--button_accent_color:#33a8f0;--button_border_color:#33a8f0;--button_accent_hover_color:#81c5ef;--button_border_hover_color:#81c5ef;--button_gradient_top_color:#ffffff;--button_gradient_bottom_color:#ffffff;--button_gradient_top_color_hover:#ffffff;--button_gradient_bottom_color_hover:#ffffff;\" target=\"_self\" href=\"https:\/\/mostrafire.com\/es\/seccion-oficial-largometrajes\/\"><span class=\"fusion-button-text awb-button__text awb-button__text--default\">Secci\u00f3n oficial: largometrajes<\/span><\/a><\/div><div style=\"text-align:left;\"><a class=\"fusion-button button-flat fusion-button-default-size button-custom fusion-button-default button-3 fusion-button-default-span fusion-button-default-type secciones-menu-but-2021\" style=\"--awb-margin-left:0px;--button_accent_color:#33a8f0;--button_border_color:#33a8f0;--button_accent_hover_color:#81c5ef;--button_border_hover_color:#81c5ef;--button_gradient_top_color:#ffffff;--button_gradient_bottom_color:#ffffff;--button_gradient_top_color_hover:#ffffff;--button_gradient_bottom_color_hover:#ffffff;\" target=\"_self\" href=\"https:\/\/mostrafire.com\/es\/seccion-oficial-documentales\/\"><span class=\"fusion-button-text awb-button__text awb-button__text--default\">Secci\u00f3n oficial: documentales<\/span><\/a><\/div><div style=\"text-align:left;\"><a class=\"fusion-button button-flat fusion-button-default-size button-custom fusion-button-default button-4 fusion-button-default-span fusion-button-default-type secciones-menu-but-2021\" style=\"--awb-margin-left:0px;--button_accent_color:#33a8f0;--button_border_color:#33a8f0;--button_accent_hover_color:#81c5ef;--button_border_hover_color:#81c5ef;--button_gradient_top_color:#ffffff;--button_gradient_bottom_color:#ffffff;--button_gradient_top_color_hover:#ffffff;--button_gradient_bottom_color_hover:#ffffff;\" target=\"_self\" href=\"https:\/\/mostrafire.com\/es\/seccion-oficial-cortometrajes\/\"><span class=\"fusion-button-text awb-button__text awb-button__text--default\">Secci\u00f3n oficial: cortometrajes<\/span><\/a><\/div><div style=\"text-align:left;\"><a class=\"fusion-button button-flat fusion-button-default-size button-custom fusion-button-default button-5 fusion-button-default-span fusion-button-default-type secciones-menu-but-2021\" style=\"--awb-margin-left:0px;--button_accent_color:#33a8f0;--button_border_color:#33a8f0;--button_accent_hover_color:#81c5ef;--button_border_hover_color:#81c5ef;--button_gradient_top_color:#ffffff;--button_gradient_bottom_color:#ffffff;--button_gradient_top_color_hover:#ffffff;--button_gradient_bottom_color_hover:#ffffff;\" target=\"_self\" href=\"https:\/\/mostrafire.com\/es\/secciones\/la-mirada-del-cine-arabe-y-persa\/\"><span class=\"fusion-button-text awb-button__text awb-button__text--default\">La mirada del cine \u00e1rabe y persa<\/span><\/a><\/div><div style=\"text-align:left;\"><a class=\"fusion-button button-flat fusion-button-default-size button-custom fusion-button-default button-6 fusion-button-default-span fusion-button-default-type secciones-menu-but-2021\" style=\"--awb-margin-left:0px;--button_accent_color:#33a8f0;--button_border_color:#33a8f0;--button_accent_hover_color:#81c5ef;--button_border_hover_color:#81c5ef;--button_gradient_top_color:#ffffff;--button_gradient_bottom_color:#ffffff;--button_gradient_top_color_hover:#ffffff;--button_gradient_bottom_color_hover:#ffffff;\" target=\"_self\" href=\"https:\/\/mostrafire.com\/es\/secciones\/pantalla-trans\/\"><span class=\"fusion-button-text awb-button__text awb-button__text--default\">Pantalla trans<\/span><\/a><\/div><div style=\"text-align:left;\"><a class=\"fusion-button button-flat fusion-button-default-size button-custom fusion-button-default button-7 fusion-button-default-span fusion-button-default-type secciones-menu-but-2021\" style=\"--awb-margin-left:0px;--button_accent_color:#33a8f0;--button_border_color:#33a8f0;--button_accent_hover_color:#81c5ef;--button_border_hover_color:#81c5ef;--button_gradient_top_color:#ffffff;--button_gradient_bottom_color:#ffffff;--button_gradient_top_color_hover:#ffffff;--button_gradient_bottom_color_hover:#ffffff;\" target=\"_self\" href=\"https:\/\/mostrafire.com\/es\/secciones\/al-este-del-eden\/\"><span class=\"fusion-button-text awb-button__text awb-button__text--default\">Al este del Ed\u00e9n<\/span><\/a><\/div><div style=\"text-align:left;\"><a class=\"fusion-button button-flat fusion-button-default-size button-custom fusion-button-default button-8 fusion-button-default-span fusion-button-default-type secciones-menu-but-2021\" style=\"--awb-margin-left:0px;--button_accent_color:#33a8f0;--button_border_color:#33a8f0;--button_accent_hover_color:#81c5ef;--button_border_hover_color:#81c5ef;--button_gradient_top_color:#ffffff;--button_gradient_bottom_color:#ffffff;--button_gradient_top_color_hover:#ffffff;--button_gradient_bottom_color_hover:#ffffff;\" target=\"_self\" href=\"https:\/\/mostrafire.com\/es\/secciones\/mas-fire\/\"><span class=\"fusion-button-text awb-button__text awb-button__text--default\">M\u00e1s FIRE!!<\/span><\/a><\/div><div style=\"text-align:left;\"><a class=\"fusion-button button-flat fusion-button-default-size button-custom fusion-button-default button-9 fusion-button-default-span fusion-button-default-type secciones-menu-but-2021\" style=\"--awb-margin-left:0px;--button_accent_color:#33a8f0;--button_border_color:#33a8f0;--button_accent_hover_color:#81c5ef;--button_border_hover_color:#81c5ef;--button_gradient_top_color:#ffffff;--button_gradient_bottom_color:#ffffff;--button_gradient_top_color_hover:#ffffff;--button_gradient_bottom_color_hover:#ffffff;\" target=\"_self\" href=\"https:\/\/mostrafire.com\/es\/secciones\/programa-educativo\/\"><span class=\"fusion-button-text awb-button__text awb-button__text--default\">Programa educativo<\/span><\/a><\/div><div style=\"text-align:left;\"><a class=\"fusion-button button-flat fusion-button-default-size button-custom fusion-button-default button-10 fusion-button-default-span fusion-button-default-type secciones-menu-but-2021\" style=\"--awb-margin-left:0px;--button_accent_color:#33a8f0;--button_border_color:#33a8f0;--button_accent_hover_color:#81c5ef;--button_border_hover_color:#81c5ef;--button_gradient_top_color:#ffffff;--button_gradient_bottom_color:#ffffff;--button_gradient_top_color_hover:#ffffff;--button_gradient_bottom_color_hover:#ffffff;\" target=\"_self\" href=\"https:\/\/mostrafire.com\/es\/secciones\/fire-pro\/\"><span class=\"fusion-button-text awb-button__text awb-button__text--default\">FIRE!! Pro 2026<\/span><\/a><\/div><\/div><\/div>\n<\/div><\/div>\n","protected":false},"excerpt":{"rendered":"","protected":false},"author":1,"featured_media":9142,"parent":0,"menu_order":11,"comment_status":"closed","ping_status":"closed","template":"","meta":{"footnotes":""},"class_list":["post-40060","page","type-page","status-publish","format-standard","has-post-thumbnail","hentry"],"yoast_head":"<!-- This site is optimized with the Yoast SEO plugin v27.5 - https:\/\/yoast.com\/product\/yoast-seo-wordpress\/ -->\n<title>Programa Educativo LGTBIQ+ | Mostra FIRE!!<\/title>\n<meta name=\"description\" content=\"Programa Educativo con sesiones escolares, para grupos de ESO y de Bachillerato y su profesorado. Se realiza con varias sesiones a lo largo de todo el a\u00f1o, en el Instituto Franc\u00e9s.\" \/>\n<meta name=\"robots\" content=\"index, follow, max-snippet:-1, max-image-preview:large, max-video-preview:-1\" \/>\n<link rel=\"canonical\" href=\"https:\/\/mostrafire.com\/es\/programa-educativo\/\" \/>\n<meta property=\"og:locale\" content=\"es_ES\" \/>\n<meta property=\"og:type\" content=\"article\" \/>\n<meta property=\"og:title\" content=\"Programa Educativo LGTBIQ+ | Mostra FIRE!!\" \/>\n<meta property=\"og:description\" content=\"Programa Educativo con sesiones escolares, para grupos de ESO y de Bachillerato y su profesorado. Se realiza con varias sesiones a lo largo de todo el a\u00f1o, en el Instituto Franc\u00e9s.\" \/>\n<meta property=\"og:url\" content=\"https:\/\/mostrafire.com\/es\/programa-educativo\/\" \/>\n<meta property=\"og:site_name\" content=\"Mostra FIRE!!\" \/>\n<meta property=\"article:publisher\" content=\"https:\/\/www.facebook.com\/MostraFire\" \/>\n<meta property=\"article:modified_time\" content=\"2026-05-01T15:34:26+00:00\" \/>\n<meta property=\"og:image\" content=\"https:\/\/mostrafire.com\/wp-content\/uploads\/2021\/05\/headers-secciones-2_programa-educatiu.jpg\" \/>\n\t<meta property=\"og:image:width\" content=\"1920\" \/>\n\t<meta property=\"og:image:height\" content=\"448\" \/>\n\t<meta property=\"og:image:type\" content=\"image\/jpeg\" \/>\n<meta name=\"twitter:card\" content=\"summary_large_image\" \/>\n<meta name=\"twitter:site\" content=\"@mostraFire\" \/>\n<meta name=\"twitter:label1\" content=\"Tiempo de lectura\" \/>\n\t<meta name=\"twitter:data1\" content=\"2 minutos\" \/>\n<script type=\"application\/ld+json\" class=\"yoast-schema-graph\">{\"@context\":\"https:\\\/\\\/schema.org\",\"@graph\":[{\"@type\":\"WebPage\",\"@id\":\"https:\\\/\\\/mostrafire.com\\\/es\\\/programa-educativo\\\/\",\"url\":\"https:\\\/\\\/mostrafire.com\\\/es\\\/programa-educativo\\\/\",\"name\":\"Programa Educativo LGTBIQ+ | Mostra FIRE!!\",\"isPartOf\":{\"@id\":\"https:\\\/\\\/mostrafire.com\\\/es\\\/#website\"},\"primaryImageOfPage\":{\"@id\":\"https:\\\/\\\/mostrafire.com\\\/es\\\/programa-educativo\\\/#primaryimage\"},\"image\":{\"@id\":\"https:\\\/\\\/mostrafire.com\\\/es\\\/programa-educativo\\\/#primaryimage\"},\"thumbnailUrl\":\"https:\\\/\\\/mostrafire.com\\\/wp-content\\\/uploads\\\/2021\\\/05\\\/headers-secciones-2_programa-educatiu.jpg\",\"datePublished\":\"2025-04-26T20:53:59+00:00\",\"dateModified\":\"2026-05-01T15:34:26+00:00\",\"description\":\"Programa Educativo con sesiones escolares, para grupos de ESO y de Bachillerato y su profesorado. Se realiza con varias sesiones a lo largo de todo el a\u00f1o, en el Instituto Franc\u00e9s.\",\"breadcrumb\":{\"@id\":\"https:\\\/\\\/mostrafire.com\\\/es\\\/programa-educativo\\\/#breadcrumb\"},\"inLanguage\":\"es\",\"potentialAction\":[{\"@type\":\"ReadAction\",\"target\":[\"https:\\\/\\\/mostrafire.com\\\/es\\\/programa-educativo\\\/\"]}]},{\"@type\":\"ImageObject\",\"inLanguage\":\"es\",\"@id\":\"https:\\\/\\\/mostrafire.com\\\/es\\\/programa-educativo\\\/#primaryimage\",\"url\":\"https:\\\/\\\/mostrafire.com\\\/wp-content\\\/uploads\\\/2021\\\/05\\\/headers-secciones-2_programa-educatiu.jpg\",\"contentUrl\":\"https:\\\/\\\/mostrafire.com\\\/wp-content\\\/uploads\\\/2021\\\/05\\\/headers-secciones-2_programa-educatiu.jpg\",\"width\":1920,\"height\":448,\"caption\":\"Programa Educativo LGTBIQ+\"},{\"@type\":\"BreadcrumbList\",\"@id\":\"https:\\\/\\\/mostrafire.com\\\/es\\\/programa-educativo\\\/#breadcrumb\",\"itemListElement\":[{\"@type\":\"ListItem\",\"position\":1,\"name\":\"Portada\",\"item\":\"https:\\\/\\\/mostrafire.com\\\/es\\\/\"},{\"@type\":\"ListItem\",\"position\":2,\"name\":\"Programa Educativo\"}]},{\"@type\":\"WebSite\",\"@id\":\"https:\\\/\\\/mostrafire.com\\\/es\\\/#website\",\"url\":\"https:\\\/\\\/mostrafire.com\\\/es\\\/\",\"name\":\"Mostra FIRE!!\",\"description\":\"Muestra Internacional de Cine Gay y L\u00e9sbico de Barcelona\",\"publisher\":{\"@id\":\"https:\\\/\\\/mostrafire.com\\\/es\\\/#organization\"},\"potentialAction\":[{\"@type\":\"SearchAction\",\"target\":{\"@type\":\"EntryPoint\",\"urlTemplate\":\"https:\\\/\\\/mostrafire.com\\\/es\\\/?s={search_term_string}\"},\"query-input\":{\"@type\":\"PropertyValueSpecification\",\"valueRequired\":true,\"valueName\":\"search_term_string\"}}],\"inLanguage\":\"es\"},{\"@type\":\"Organization\",\"@id\":\"https:\\\/\\\/mostrafire.com\\\/es\\\/#organization\",\"name\":\"FIRE!! Festival de Cinema LGTBIQ+ de Barcelona\",\"url\":\"https:\\\/\\\/mostrafire.com\\\/es\\\/\",\"logo\":{\"@type\":\"ImageObject\",\"inLanguage\":\"es\",\"@id\":\"https:\\\/\\\/mostrafire.com\\\/es\\\/#\\\/schema\\\/logo\\\/image\\\/\",\"url\":\"https:\\\/\\\/mostrafire.com\\\/wp-content\\\/uploads\\\/2026\\\/04\\\/logo-FIRE-72dpi_rojo-cat.jpg\",\"contentUrl\":\"https:\\\/\\\/mostrafire.com\\\/wp-content\\\/uploads\\\/2026\\\/04\\\/logo-FIRE-72dpi_rojo-cat.jpg\",\"width\":360,\"height\":167,\"caption\":\"FIRE!! Festival de Cinema LGTBIQ+ de Barcelona\"},\"image\":{\"@id\":\"https:\\\/\\\/mostrafire.com\\\/es\\\/#\\\/schema\\\/logo\\\/image\\\/\"},\"sameAs\":[\"https:\\\/\\\/www.facebook.com\\\/MostraFire\",\"https:\\\/\\\/x.com\\\/mostraFire\",\"https:\\\/\\\/www.instagram.com\\\/Mostrafire\\\/\",\"https:\\\/\\\/www.youtube.com\\\/user\\\/firemostra\\\/\"]}]}<\/script>\n<!-- \/ Yoast SEO plugin. -->","yoast_head_json":{"title":"Programa Educativo LGTBIQ+ | Mostra FIRE!!","description":"Programa Educativo con sesiones escolares, para grupos de ESO y de Bachillerato y su profesorado. Se realiza con varias sesiones a lo largo de todo el a\u00f1o, en el Instituto Franc\u00e9s.","robots":{"index":"index","follow":"follow","max-snippet":"max-snippet:-1","max-image-preview":"max-image-preview:large","max-video-preview":"max-video-preview:-1"},"canonical":"https:\/\/mostrafire.com\/es\/programa-educativo\/","og_locale":"es_ES","og_type":"article","og_title":"Programa Educativo LGTBIQ+ | Mostra FIRE!!","og_description":"Programa Educativo con sesiones escolares, para grupos de ESO y de Bachillerato y su profesorado. Se realiza con varias sesiones a lo largo de todo el a\u00f1o, en el Instituto Franc\u00e9s.","og_url":"https:\/\/mostrafire.com\/es\/programa-educativo\/","og_site_name":"Mostra FIRE!!","article_publisher":"https:\/\/www.facebook.com\/MostraFire","article_modified_time":"2026-05-01T15:34:26+00:00","og_image":[{"width":1920,"height":448,"url":"https:\/\/mostrafire.com\/wp-content\/uploads\/2021\/05\/headers-secciones-2_programa-educatiu.jpg","type":"image\/jpeg"}],"twitter_card":"summary_large_image","twitter_site":"@mostraFire","twitter_misc":{"Tiempo de lectura":"2 minutos"},"schema":{"@context":"https:\/\/schema.org","@graph":[{"@type":"WebPage","@id":"https:\/\/mostrafire.com\/es\/programa-educativo\/","url":"https:\/\/mostrafire.com\/es\/programa-educativo\/","name":"Programa Educativo LGTBIQ+ | Mostra FIRE!!","isPartOf":{"@id":"https:\/\/mostrafire.com\/es\/#website"},"primaryImageOfPage":{"@id":"https:\/\/mostrafire.com\/es\/programa-educativo\/#primaryimage"},"image":{"@id":"https:\/\/mostrafire.com\/es\/programa-educativo\/#primaryimage"},"thumbnailUrl":"https:\/\/mostrafire.com\/wp-content\/uploads\/2021\/05\/headers-secciones-2_programa-educatiu.jpg","datePublished":"2025-04-26T20:53:59+00:00","dateModified":"2026-05-01T15:34:26+00:00","description":"Programa Educativo con sesiones escolares, para grupos de ESO y de Bachillerato y su profesorado. Se realiza con varias sesiones a lo largo de todo el a\u00f1o, en el Instituto Franc\u00e9s.","breadcrumb":{"@id":"https:\/\/mostrafire.com\/es\/programa-educativo\/#breadcrumb"},"inLanguage":"es","potentialAction":[{"@type":"ReadAction","target":["https:\/\/mostrafire.com\/es\/programa-educativo\/"]}]},{"@type":"ImageObject","inLanguage":"es","@id":"https:\/\/mostrafire.com\/es\/programa-educativo\/#primaryimage","url":"https:\/\/mostrafire.com\/wp-content\/uploads\/2021\/05\/headers-secciones-2_programa-educatiu.jpg","contentUrl":"https:\/\/mostrafire.com\/wp-content\/uploads\/2021\/05\/headers-secciones-2_programa-educatiu.jpg","width":1920,"height":448,"caption":"Programa Educativo LGTBIQ+"},{"@type":"BreadcrumbList","@id":"https:\/\/mostrafire.com\/es\/programa-educativo\/#breadcrumb","itemListElement":[{"@type":"ListItem","position":1,"name":"Portada","item":"https:\/\/mostrafire.com\/es\/"},{"@type":"ListItem","position":2,"name":"Programa Educativo"}]},{"@type":"WebSite","@id":"https:\/\/mostrafire.com\/es\/#website","url":"https:\/\/mostrafire.com\/es\/","name":"Mostra FIRE!!","description":"Muestra Internacional de Cine Gay y L\u00e9sbico de Barcelona","publisher":{"@id":"https:\/\/mostrafire.com\/es\/#organization"},"potentialAction":[{"@type":"SearchAction","target":{"@type":"EntryPoint","urlTemplate":"https:\/\/mostrafire.com\/es\/?s={search_term_string}"},"query-input":{"@type":"PropertyValueSpecification","valueRequired":true,"valueName":"search_term_string"}}],"inLanguage":"es"},{"@type":"Organization","@id":"https:\/\/mostrafire.com\/es\/#organization","name":"FIRE!! Festival de Cinema LGTBIQ+ de Barcelona","url":"https:\/\/mostrafire.com\/es\/","logo":{"@type":"ImageObject","inLanguage":"es","@id":"https:\/\/mostrafire.com\/es\/#\/schema\/logo\/image\/","url":"https:\/\/mostrafire.com\/wp-content\/uploads\/2026\/04\/logo-FIRE-72dpi_rojo-cat.jpg","contentUrl":"https:\/\/mostrafire.com\/wp-content\/uploads\/2026\/04\/logo-FIRE-72dpi_rojo-cat.jpg","width":360,"height":167,"caption":"FIRE!! Festival de Cinema LGTBIQ+ de Barcelona"},"image":{"@id":"https:\/\/mostrafire.com\/es\/#\/schema\/logo\/image\/"},"sameAs":["https:\/\/www.facebook.com\/MostraFire","https:\/\/x.com\/mostraFire","https:\/\/www.instagram.com\/Mostrafire\/","https:\/\/www.youtube.com\/user\/firemostra\/"]}]}},"_links":{"self":[{"href":"https:\/\/mostrafire.com\/es\/wp-json\/wp\/v2\/pages\/40060","targetHints":{"allow":["GET"]}}],"collection":[{"href":"https:\/\/mostrafire.com\/es\/wp-json\/wp\/v2\/pages"}],"about":[{"href":"https:\/\/mostrafire.com\/es\/wp-json\/wp\/v2\/types\/page"}],"author":[{"embeddable":true,"href":"https:\/\/mostrafire.com\/es\/wp-json\/wp\/v2\/users\/1"}],"replies":[{"embeddable":true,"href":"https:\/\/mostrafire.com\/es\/wp-json\/wp\/v2\/comments?post=40060"}],"version-history":[{"count":3,"href":"https:\/\/mostrafire.com\/es\/wp-json\/wp\/v2\/pages\/40060\/revisions"}],"predecessor-version":[{"id":60459,"href":"https:\/\/mostrafire.com\/es\/wp-json\/wp\/v2\/pages\/40060\/revisions\/60459"}],"wp:featuredmedia":[{"embeddable":true,"href":"https:\/\/mostrafire.com\/es\/wp-json\/wp\/v2\/media\/9142"}],"wp:attachment":[{"href":"https:\/\/mostrafire.com\/es\/wp-json\/wp\/v2\/media?parent=40060"}],"curies":[{"name":"wp","href":"https:\/\/api.w.org\/{rel}","templated":true}]}}