{"id":2440,"date":"2022-05-10T07:58:08","date_gmt":"2022-05-10T05:58:08","guid":{"rendered":"https:\/\/mostrafire.com\/que-es-fire\/organiza-contacto\/"},"modified":"2023-05-30T11:19:17","modified_gmt":"2023-05-30T09:19:17","slug":"organiza-contacto","status":"publish","type":"page","link":"https:\/\/mostrafire.com\/es\/que-es-fire\/organiza-contacto\/","title":{"rendered":"Organiza \/ contacto"},"content":{"rendered":"<div class=\"fusion-fullwidth fullwidth-box fusion-builder-row-1 fusion-flex-container nonhundred-percent-fullwidth non-hundred-percent-height-scrolling\" style=\"--awb-border-radius-top-left:0px;--awb-border-radius-top-right:0px;--awb-border-radius-bottom-right:0px;--awb-border-radius-bottom-left:0px;--awb-padding-top:4%;--awb-flex-wrap:wrap;\" ><div class=\"fusion-builder-row fusion-row fusion-flex-align-items-flex-start fusion-flex-justify-content-center fusion-flex-content-wrap\" style=\"max-width:1248px;margin-left: calc(-4% \/ 2 );margin-right: calc(-4% \/ 2 );\"><div class=\"fusion-layout-column fusion_builder_column fusion-builder-column-0 fusion_builder_column_3_5 3_5 fusion-flex-column\" style=\"--awb-bg-size:cover;--awb-width-large:60%;--awb-margin-top-large:0px;--awb-spacing-right-large:3.2%;--awb-margin-bottom-large:20px;--awb-spacing-left-large:3.2%;--awb-width-medium:60%;--awb-order-medium:0;--awb-spacing-right-medium:3.2%;--awb-spacing-left-medium:3.2%;--awb-width-small:100%;--awb-order-small:0;--awb-spacing-right-small:1.92%;--awb-spacing-left-small:1.92%;\"><div class=\"fusion-column-wrapper fusion-column-has-shadow fusion-flex-justify-content-flex-start fusion-content-layout-column\"><div class=\"fusion-title title fusion-title-1 fusion-sep-none fusion-title-center fusion-title-text fusion-title-size-one\" style=\"--awb-margin-bottom:45px;--awb-margin-top-small:10px;--awb-margin-right-small:0px;--awb-margin-bottom-small:40px;--awb-margin-left-small:0px;--awb-font-size:30px;\"><h1 class=\"fusion-title-heading title-heading-center fusion-responsive-typography-calculated\" style=\"font-family:&quot;Roboto&quot;;font-style:normal;font-weight:300;margin:0;font-size:1em;--fontSize:30;--minFontSize:30;line-height:1.8;\">La <strong>Mostra FIRE!!<\/strong> es organizada por el Casal Lambda<\/h1><\/div><div class=\"fusion-separator fusion-no-small-visibility\" style=\"align-self: center;margin-left: auto;margin-right: auto;margin-bottom:45px;width:100%;max-width:50px;\"><div class=\"fusion-separator-border sep-single\" style=\"--awb-height:20px;--awb-amount:20px;border-color:#75ffcc;border-top-width:4px;\"><\/div><\/div><div class=\"fusion-image-element \" style=\"text-align:center;--awb-liftup-border-radius:0px;--awb-caption-title-font-family:var(--h2_typography-font-family);--awb-caption-title-font-weight:var(--h2_typography-font-weight);--awb-caption-title-font-style:var(--h2_typography-font-style);--awb-caption-title-size:var(--h2_typography-font-size);--awb-caption-title-transform:var(--h2_typography-text-transform);--awb-caption-title-line-height:var(--h2_typography-line-height);--awb-caption-title-letter-spacing:var(--h2_typography-letter-spacing);\"><div class=\"awb-image-frame awb-image-frame-1 imageframe-liftup\" style=\"max-width:300px;\"><span class=\" fusion-imageframe imageframe-none imageframe-1\"><a class=\"fusion-no-lightbox\" href=\"http:\/\/lambda.cat\" target=\"_blank\" aria-label=\"casal-lambda-logo\" rel=\"noopener noreferrer\"><img decoding=\"async\" width=\"474\" height=\"108\" alt=\"Web del Casal Lambda\" src=\"https:\/\/mostrafire.com\/wp-content\/uploads\/2020\/08\/casal-lambda-logo.jpg\" data-orig-src=\"https:\/\/mostrafire.com\/wp-content\/uploads\/2020\/08\/casal-lambda-logo.jpg\" class=\"lazyload img-responsive wp-image-1953\" srcset=\"data:image\/svg+xml,%3Csvg%20xmlns%3D%27http%3A%2F%2Fwww.w3.org%2F2000%2Fsvg%27%20width%3D%27474%27%20height%3D%27108%27%20viewBox%3D%270%200%20474%20108%27%3E%3Crect%20width%3D%27474%27%20height%3D%27108%27%20fill-opacity%3D%220%22%2F%3E%3C%2Fsvg%3E\" data-srcset=\"https:\/\/mostrafire.com\/wp-content\/uploads\/2020\/08\/casal-lambda-logo-200x46.jpg 200w, https:\/\/mostrafire.com\/wp-content\/uploads\/2020\/08\/casal-lambda-logo-400x91.jpg 400w, https:\/\/mostrafire.com\/wp-content\/uploads\/2020\/08\/casal-lambda-logo.jpg 474w\" data-sizes=\"auto\" data-orig-sizes=\"(max-width: 900px) 100vw, (max-width: 640px) 100vw, 474px\" \/><\/a><\/span><\/div><\/div><div class=\"fusion-separator\" style=\"align-self: center;margin-left: auto;margin-right: auto;margin-top:45px;margin-bottom:40px;width:100%;max-width:50px;\"><div class=\"fusion-separator-border sep-single\" style=\"--awb-height:20px;--awb-amount:20px;border-color:#75ffcc;border-top-width:4px;\"><\/div><\/div><div class=\"fusion-text fusion-text-1\"><p>El <strong>Casal Lambda de Barcelona<\/strong> es un centro asociativo sin \u00e1nimo de lucro que tiene como objetivo la normalizaci\u00f3n social del hecho lgtbi. Desde 1976 ofrece a personas lgtbi un espacio de encuentro y orientaci\u00f3n. As\u00ed c\u00f3mo un centro de informaci\u00f3n y documentaci\u00f3n sobre sexualidad dirigido a profesionales e investigadores. El <strong>Casal Lambda<\/strong> lleva a cabo un importante trabajo de proyecci\u00f3n social con sus actividades culturales, educativas y formativas. Tambi\u00e9n realiza actividades divulgativas y contenidos de debate a trav\u00e9s de su revista \u201cLambda\u201d. Por otro lado, realiza un trabajo continuado de sensibilizaci\u00f3n hacia las instituciones p\u00fablicas, los partidos pol\u00edticos y el conjunto de la sociedad. M\u00e1s informaci\u00f3n sobre el Casal Lambda en <a href=\"https:\/\/lambda.cat\/\" target=\"_blank\" rel=\"noopener noreferrer\">lambda.cat<\/a>  <\/p>\n<p>Si quieres contactar con la Mostra FIRE!!, puedes hacerlo en el mail <a href=\"mailto:mostra@lambdaweb.org\">mostra@lambdaweb.org<\/a><\/p>\n<\/div><\/div><\/div><div class=\"fusion-layout-column fusion_builder_column fusion-builder-column-1 fusion_builder_column_2_5 2_5 fusion-flex-column\" style=\"--awb-bg-size:cover;--awb-width-large:40%;--awb-margin-top-large:0px;--awb-spacing-right-large:4.8%;--awb-margin-bottom-large:20px;--awb-spacing-left-large:4.8%;--awb-width-medium:40%;--awb-order-medium:0;--awb-spacing-right-medium:4.8%;--awb-spacing-left-medium:4.8%;--awb-width-small:100%;--awb-order-small:0;--awb-spacing-right-small:1.92%;--awb-spacing-left-small:1.92%;\"><div class=\"fusion-column-wrapper fusion-column-has-shadow fusion-flex-justify-content-flex-start fusion-content-layout-column\"><div class=\"fusion-separator\" style=\"align-self: center;margin-left: auto;margin-right: auto;margin-top:25px;margin-bottom:40px;width:100%;max-width:50px;\"><div class=\"fusion-separator-border sep-single\" style=\"--awb-height:20px;--awb-amount:20px;border-color:#75ffcc;border-top-width:4px;\"><\/div><\/div><div class=\"fusion-text fusion-text-2\"><p style=\"text-align: center;\"><strong>PRESIDENTE<\/strong><br \/>\nJordi Sams\u00f3 Montagut<\/p>\n<p style=\"text-align: center;\"><strong>SECRETARIA<\/strong><br \/>\nMaria Pujol Fern\u00e1ndez<\/p>\n<p style=\"text-align: center;\"><strong>TESORERO<\/strong><br \/>\nJavier S\u00e1nchez Saavedra<\/p>\n<p style=\"text-align: center;\"><strong>ADMINISTRADOR<\/strong><br \/>\nAran Jim\u00e9nez<\/p>\n<p style=\"text-align: center;\"><strong>VOCALES<\/strong><br \/>\nAlbert Ribas Dot, Mario Allegranzi, Joan Jim\u00e9nez Jurado, Ramon Munt Alfaro<\/p>\n<\/div><\/div><\/div><\/div><\/div>\n","protected":false},"excerpt":{"rendered":"","protected":false},"author":1,"featured_media":0,"parent":309,"menu_order":0,"comment_status":"closed","ping_status":"closed","template":"100-width.php","meta":{"footnotes":""},"class_list":["post-2440","page","type-page","status-publish","format-standard","hentry"],"yoast_head":"<!-- This site is optimized with the Yoast SEO plugin v27.3 - https:\/\/yoast.com\/product\/yoast-seo-wordpress\/ -->\n<title>Organiza \/ contacto | Mostra FIRE!!<\/title>\n<meta name=\"description\" content=\"La Mostra FIRE!! es organizada por el Casal Lambda\" \/>\n<meta name=\"robots\" content=\"index, follow, max-snippet:-1, max-image-preview:large, max-video-preview:-1\" \/>\n<link rel=\"canonical\" href=\"https:\/\/mostrafire.com\/es\/que-es-fire\/organiza-contacto\/\" \/>\n<meta property=\"og:locale\" content=\"es_ES\" \/>\n<meta property=\"og:type\" content=\"article\" \/>\n<meta property=\"og:title\" content=\"Organiza \/ contacto | Mostra FIRE!!\" \/>\n<meta property=\"og:description\" content=\"La Mostra FIRE!! es organizada por el Casal Lambda\" \/>\n<meta property=\"og:url\" content=\"https:\/\/mostrafire.com\/es\/que-es-fire\/organiza-contacto\/\" \/>\n<meta property=\"og:site_name\" content=\"Mostra FIRE!!\" \/>\n<meta property=\"article:publisher\" content=\"https:\/\/www.facebook.com\/MostraFire\" \/>\n<meta property=\"article:modified_time\" content=\"2023-05-30T09:19:17+00:00\" \/>\n<meta property=\"og:image\" content=\"https:\/\/mostrafire.com\/wp-content\/uploads\/2025\/05\/FIRE-2025-carnet-jove_X_twitter.jpg\" \/>\n\t<meta property=\"og:image:width\" content=\"1024\" \/>\n\t<meta property=\"og:image:height\" content=\"512\" \/>\n\t<meta property=\"og:image:type\" content=\"image\/jpeg\" \/>\n<meta name=\"twitter:card\" content=\"summary_large_image\" \/>\n<meta name=\"twitter:site\" content=\"@mostraFire\" \/>\n<meta name=\"twitter:label1\" content=\"Tiempo de lectura\" \/>\n\t<meta name=\"twitter:data1\" content=\"8 minutos\" \/>\n<script type=\"application\/ld+json\" class=\"yoast-schema-graph\">{\"@context\":\"https:\\\/\\\/schema.org\",\"@graph\":[{\"@type\":\"WebPage\",\"@id\":\"https:\\\/\\\/mostrafire.com\\\/es\\\/que-es-fire\\\/organiza-contacto\\\/\",\"url\":\"https:\\\/\\\/mostrafire.com\\\/es\\\/que-es-fire\\\/organiza-contacto\\\/\",\"name\":\"Organiza \\\/ contacto | Mostra FIRE!!\",\"isPartOf\":{\"@id\":\"https:\\\/\\\/mostrafire.com\\\/es\\\/#website\"},\"datePublished\":\"2022-05-10T05:58:08+00:00\",\"dateModified\":\"2023-05-30T09:19:17+00:00\",\"description\":\"La Mostra FIRE!! es organizada por el Casal Lambda\",\"breadcrumb\":{\"@id\":\"https:\\\/\\\/mostrafire.com\\\/es\\\/que-es-fire\\\/organiza-contacto\\\/#breadcrumb\"},\"inLanguage\":\"es\",\"potentialAction\":[{\"@type\":\"ReadAction\",\"target\":[\"https:\\\/\\\/mostrafire.com\\\/es\\\/que-es-fire\\\/organiza-contacto\\\/\"]}]},{\"@type\":\"BreadcrumbList\",\"@id\":\"https:\\\/\\\/mostrafire.com\\\/es\\\/que-es-fire\\\/organiza-contacto\\\/#breadcrumb\",\"itemListElement\":[{\"@type\":\"ListItem\",\"position\":1,\"name\":\"Portada\",\"item\":\"https:\\\/\\\/mostrafire.com\\\/es\\\/\"},{\"@type\":\"ListItem\",\"position\":2,\"name\":\"\u00bfQu\u00e9 es FIRE!!?\",\"item\":\"https:\\\/\\\/mostrafire.com\\\/es\\\/que-es-fire\\\/\"},{\"@type\":\"ListItem\",\"position\":3,\"name\":\"Organiza \\\/ contacto\"}]},{\"@type\":\"WebSite\",\"@id\":\"https:\\\/\\\/mostrafire.com\\\/es\\\/#website\",\"url\":\"https:\\\/\\\/mostrafire.com\\\/es\\\/\",\"name\":\"Mostra FIRE!!\",\"description\":\"Muestra Internacional de Cine Gay y L\u00e9sbico de Barcelona\",\"publisher\":{\"@id\":\"https:\\\/\\\/mostrafire.com\\\/es\\\/#organization\"},\"alternateName\":\"Mostra de Cinema LGTBI de Barcelona\",\"potentialAction\":[{\"@type\":\"SearchAction\",\"target\":{\"@type\":\"EntryPoint\",\"urlTemplate\":\"https:\\\/\\\/mostrafire.com\\\/es\\\/?s={search_term_string}\"},\"query-input\":{\"@type\":\"PropertyValueSpecification\",\"valueRequired\":true,\"valueName\":\"search_term_string\"}}],\"inLanguage\":\"es\"},{\"@type\":\"Organization\",\"@id\":\"https:\\\/\\\/mostrafire.com\\\/es\\\/#organization\",\"name\":\"Mostra FIRE!! Edici\u00f3 2021\",\"url\":\"https:\\\/\\\/mostrafire.com\\\/es\\\/\",\"logo\":{\"@type\":\"ImageObject\",\"inLanguage\":\"es\",\"@id\":\"https:\\\/\\\/mostrafire.com\\\/es\\\/#\\\/schema\\\/logo\\\/image\\\/\",\"url\":\"https:\\\/\\\/mostrafire.com\\\/wp-content\\\/uploads\\\/2020\\\/07\\\/Logo_landing.jpg\",\"contentUrl\":\"https:\\\/\\\/mostrafire.com\\\/wp-content\\\/uploads\\\/2020\\\/07\\\/Logo_landing.jpg\",\"width\":884,\"height\":312,\"caption\":\"Mostra FIRE!! Edici\u00f3 2021\"},\"image\":{\"@id\":\"https:\\\/\\\/mostrafire.com\\\/es\\\/#\\\/schema\\\/logo\\\/image\\\/\"},\"sameAs\":[\"https:\\\/\\\/www.facebook.com\\\/MostraFire\",\"https:\\\/\\\/x.com\\\/mostraFire\",\"https:\\\/\\\/www.instagram.com\\\/Mostrafire\\\/\",\"https:\\\/\\\/www.youtube.com\\\/user\\\/firemostra\\\/\"]}]}<\/script>\n<!-- \/ Yoast SEO plugin. -->","yoast_head_json":{"title":"Organiza \/ contacto | Mostra FIRE!!","description":"La Mostra FIRE!! es organizada por el Casal Lambda","robots":{"index":"index","follow":"follow","max-snippet":"max-snippet:-1","max-image-preview":"max-image-preview:large","max-video-preview":"max-video-preview:-1"},"canonical":"https:\/\/mostrafire.com\/es\/que-es-fire\/organiza-contacto\/","og_locale":"es_ES","og_type":"article","og_title":"Organiza \/ contacto | Mostra FIRE!!","og_description":"La Mostra FIRE!! es organizada por el Casal Lambda","og_url":"https:\/\/mostrafire.com\/es\/que-es-fire\/organiza-contacto\/","og_site_name":"Mostra FIRE!!","article_publisher":"https:\/\/www.facebook.com\/MostraFire","article_modified_time":"2023-05-30T09:19:17+00:00","og_image":[{"width":1024,"height":512,"url":"https:\/\/mostrafire.com\/wp-content\/uploads\/2025\/05\/FIRE-2025-carnet-jove_X_twitter.jpg","type":"image\/jpeg"}],"twitter_card":"summary_large_image","twitter_site":"@mostraFire","twitter_misc":{"Tiempo de lectura":"8 minutos"},"schema":{"@context":"https:\/\/schema.org","@graph":[{"@type":"WebPage","@id":"https:\/\/mostrafire.com\/es\/que-es-fire\/organiza-contacto\/","url":"https:\/\/mostrafire.com\/es\/que-es-fire\/organiza-contacto\/","name":"Organiza \/ contacto | Mostra FIRE!!","isPartOf":{"@id":"https:\/\/mostrafire.com\/es\/#website"},"datePublished":"2022-05-10T05:58:08+00:00","dateModified":"2023-05-30T09:19:17+00:00","description":"La Mostra FIRE!! es organizada por el Casal Lambda","breadcrumb":{"@id":"https:\/\/mostrafire.com\/es\/que-es-fire\/organiza-contacto\/#breadcrumb"},"inLanguage":"es","potentialAction":[{"@type":"ReadAction","target":["https:\/\/mostrafire.com\/es\/que-es-fire\/organiza-contacto\/"]}]},{"@type":"BreadcrumbList","@id":"https:\/\/mostrafire.com\/es\/que-es-fire\/organiza-contacto\/#breadcrumb","itemListElement":[{"@type":"ListItem","position":1,"name":"Portada","item":"https:\/\/mostrafire.com\/es\/"},{"@type":"ListItem","position":2,"name":"\u00bfQu\u00e9 es FIRE!!?","item":"https:\/\/mostrafire.com\/es\/que-es-fire\/"},{"@type":"ListItem","position":3,"name":"Organiza \/ contacto"}]},{"@type":"WebSite","@id":"https:\/\/mostrafire.com\/es\/#website","url":"https:\/\/mostrafire.com\/es\/","name":"Mostra FIRE!!","description":"Muestra Internacional de Cine Gay y L\u00e9sbico de Barcelona","publisher":{"@id":"https:\/\/mostrafire.com\/es\/#organization"},"alternateName":"Mostra de Cinema LGTBI de Barcelona","potentialAction":[{"@type":"SearchAction","target":{"@type":"EntryPoint","urlTemplate":"https:\/\/mostrafire.com\/es\/?s={search_term_string}"},"query-input":{"@type":"PropertyValueSpecification","valueRequired":true,"valueName":"search_term_string"}}],"inLanguage":"es"},{"@type":"Organization","@id":"https:\/\/mostrafire.com\/es\/#organization","name":"Mostra FIRE!! Edici\u00f3 2021","url":"https:\/\/mostrafire.com\/es\/","logo":{"@type":"ImageObject","inLanguage":"es","@id":"https:\/\/mostrafire.com\/es\/#\/schema\/logo\/image\/","url":"https:\/\/mostrafire.com\/wp-content\/uploads\/2020\/07\/Logo_landing.jpg","contentUrl":"https:\/\/mostrafire.com\/wp-content\/uploads\/2020\/07\/Logo_landing.jpg","width":884,"height":312,"caption":"Mostra FIRE!! Edici\u00f3 2021"},"image":{"@id":"https:\/\/mostrafire.com\/es\/#\/schema\/logo\/image\/"},"sameAs":["https:\/\/www.facebook.com\/MostraFire","https:\/\/x.com\/mostraFire","https:\/\/www.instagram.com\/Mostrafire\/","https:\/\/www.youtube.com\/user\/firemostra\/"]}]}},"_links":{"self":[{"href":"https:\/\/mostrafire.com\/es\/wp-json\/wp\/v2\/pages\/2440","targetHints":{"allow":["GET"]}}],"collection":[{"href":"https:\/\/mostrafire.com\/es\/wp-json\/wp\/v2\/pages"}],"about":[{"href":"https:\/\/mostrafire.com\/es\/wp-json\/wp\/v2\/types\/page"}],"author":[{"embeddable":true,"href":"https:\/\/mostrafire.com\/es\/wp-json\/wp\/v2\/users\/1"}],"replies":[{"embeddable":true,"href":"https:\/\/mostrafire.com\/es\/wp-json\/wp\/v2\/comments?post=2440"}],"version-history":[{"count":0,"href":"https:\/\/mostrafire.com\/es\/wp-json\/wp\/v2\/pages\/2440\/revisions"}],"up":[{"embeddable":true,"href":"https:\/\/mostrafire.com\/es\/wp-json\/wp\/v2\/pages\/309"}],"wp:attachment":[{"href":"https:\/\/mostrafire.com\/es\/wp-json\/wp\/v2\/media?parent=2440"}],"curies":[{"name":"wp","href":"https:\/\/api.w.org\/{rel}","templated":true}]}}